{"id":85,"date":"2020-01-15T00:01:18","date_gmt":"2020-01-15T00:01:18","guid":{"rendered":"https:\/\/futureangst.com\/?page_id=85"},"modified":"2026-04-21T04:05:19","modified_gmt":"2026-04-21T04:05:19","slug":"auteur","status":"publish","type":"page","link":"https:\/\/futureangst.com\/fr\/auteur\/","title":{"rendered":"Auteur"},"content":{"rendered":"\n<div class=\"wp-block-media-text alignwide has-media-on-the-right is-stacked-on-mobile is-vertically-aligned-top\"><div class=\"wp-block-media-text__content\">\n<p class=\"has-drop-cap wp-block-paragraph\">Depuis 2001, je vis dans la Silicon Valley, cette r\u00e9gion innovante de Californie o\u00f9 l&rsquo;avenir se dessine d\u00e9j\u00e0 aujourd&rsquo;hui. Ici, j&rsquo;\u00e9tudie les tendances technologiques et leur impact sur nous en tant que personnes, sur notre soci\u00e9t\u00e9 et sur la politique.<\/p>\n\n\n\n<p class=\"wp-block-paragraph\">Les sujets sur lesquels je travaille et sur lesquels j&rsquo;ai \u00e9crit plusieurs livres, tout en <a href=\"https:\/\/dassiliconvalleymindset.com\/vortrage\/\" target=\"_blank\" rel=\"noreferrer noopener\">donnant des conf\u00e9rences et des ateliers<\/a>, incluent <em>robots humano\u00efdes<\/em>, <em>la mobilit\u00e9 autonome et \u00e9lectrique<\/em>, <em>l&rsquo;intelligence artificiell<\/em>e, <em>la r\u00e9volution num\u00e9rique<\/em>, mais aussi <em>l&rsquo;\u00e9tat d&rsquo;esprit innovant et cr\u00e9atif<\/em>, et la <em>pr\u00e9voyance<\/em> pour regarder vers l&rsquo;avenir et prendre de meilleures d\u00e9cisions aujourd&rsquo;hui.<\/p>\n<\/div><figure class=\"wp-block-media-text__media\"><img data-recalc-dims=\"1\" height=\"960\" width=\"720\" decoding=\"async\" src=\"https:\/\/i0.wp.com\/technophilosoph.com\/wp-content\/uploads\/2021\/05\/BE-Mario-Herger-small-768x1024.png?resize=720%2C960&#038;ssl=1\" alt=\"\" class=\"wp-image-3937 size-full\"\/><\/figure><\/div>\n\n\n\n<p class=\"wp-block-paragraph\">Pendant de nombreuses ann\u00e9es, j&rsquo;ai \u00e9t\u00e9 d\u00e9veloppeur de logiciels, responsable du d\u00e9veloppement et strat\u00e8ge technologique chez SAP, j&rsquo;ai \u00e9t\u00e9 mentor dans des acc\u00e9l\u00e9rateurs pour coacher des start-ups et je conseille aujourd&rsquo;hui les entreprises sur la mani\u00e8re de transf\u00e9rer l&rsquo;esprit d&rsquo;innovation et d&rsquo;entreprise de la Silicon Valley dans leurs organisations afin de devenir plus innovantes et de reconna\u00eetre tr\u00e8s t\u00f4t les tendances et les points de basculement et de contribuer \u00e0 les fa\u00e7onner.<\/p>\n\n\n\n<p class=\"wp-block-paragraph\">Je re\u00e7ois toujours des <em><a href=\"https:\/\/dassiliconvalleymindset.com\/vortrage\/\" target=\"_blank\" rel=\"noreferrer noopener\">d\u00e9l\u00e9gations<\/a><\/em> d&rsquo;Europe dans la Silicon Valley et je les mets en contact avec les personnes et les entreprises qui s&rsquo;y trouvent.<\/p>\n\n\n\n<h4 class=\"wp-block-heading\">Certains de mes derniers livres (depuis 2016) \u00e9taient<\/h4>\n\n\n\n<div class=\"wp-block-group alignfull\" style=\"margin-top:0px;margin-bottom:0px\"><div class=\"wp-block-group__inner-container is-layout-constrained wp-block-group-is-layout-constrained\">\n<figure class=\"wp-block-table has-small-font-size\"><table><tbody><tr><td class=\"has-text-align-center\" data-align=\"center\">Des livres sur la Silicon Valley, l&rsquo;avenir, robots humano\u00efdes, l&rsquo;intelligence artificielle, le sujet passionnant de l&rsquo;innovation, l&rsquo;industrie automobile ou comment ne pas s&rsquo;excuser, en d&rsquo;autres termes, tous mes bons livres.<br>Et je souhaite vous les recommander.<\/td><\/tr><tr><td class=\"has-text-align-center\" data-align=\"center\"><a href=\"https:\/\/www.amazon.de\/Mario-Herger\/e\/B00LSZ3LMK\" target=\"_blank\" rel=\"noreferrer noopener\"><img data-recalc-dims=\"1\" decoding=\"async\" class=\"wp-image-8160\" style=\"width: 1000px;\" src=\"https:\/\/i0.wp.com\/technophilosoph.com\/wp-content\/uploads\/2025\/11\/Book_Covers_13-small.png?w=720&#038;ssl=1\" alt=\"\"><\/a><\/td><\/tr><tr><td class=\"has-text-align-center\" data-align=\"center\">Tous les livres sont disponibles sur <a href=\"https:\/\/www.amazon.de\/Mario-Herger\/e\/B00LSZ3LMK\" target=\"_blank\" rel=\"noreferrer noopener\">Amazon<\/a>, chez <a href=\"https:\/\/www.boersenmedien.de\/produkt\/suche.html?q=%22Herger,%20Mario%22\" target=\"_blank\" rel=\"noreferrer noopener\">Plassen<\/a> et <a href=\"https:\/\/www.beck-shop.de\/herger-foresight-mindset\/product\/26938018\" target=\"_blank\" rel=\"noreferrer noopener\">Beck<\/a>, ou dans n&rsquo;importe quelle librairie.<br>Ils sont \u00e9galement disponibles en <a href=\"https:\/\/www.lehmanns.de\/search\/quick?mediatype_id=&amp;q=mario+herger+ebook\" target=\"_blank\" rel=\"noreferrer noopener\">version \u00e9lectroniqu<\/a>e et peuvent \u00eatre trouv\u00e9s <a href=\"https:\/\/www.lehmanns.de\/search\/quick?mediatype_id=&amp;q=mario+herger+ebook\" target=\"_blank\" rel=\"noreferrer noopener\">ici<\/a>.<\/td><\/tr><\/tbody><\/table><\/figure>\n<\/div><\/div>\n\n\n\n<p class=\"wp-block-paragraph\">Here are more details about the individual books:<\/p>\n\n\n\n<figure class=\"wp-block-table\"><table><tbody><tr><td><a href=\"https:\/\/www.amazon.de\/Homo-Syntheticus-Mensch-Maschine-verschmelzen\/dp\/3689320550\/\" target=\"_blank\" rel=\"noreferrer noopener\"><img data-recalc-dims=\"1\" decoding=\"async\" class=\"wp-image-24915\" style=\"width: 150px;\" src=\"https:\/\/i0.wp.com\/technophilosoph.com\/wp-content\/uploads\/2025\/10\/Cover-Homo-Syntheticus.png?w=720&#038;ssl=1\" alt=\"Homo Syntheticus\"><\/a><\/td><td><a href=\"https:\/\/www.amazon.de\/Homo-Syntheticus-Mensch-Maschine-verschmelzen\/dp\/3689320550\/\" target=\"_blank\" rel=\"noreferrer noopener\">Homo Syntheticus: Wie Mensch und Maschine verschmelzen<\/a><\/td><\/tr><tr><td><a href=\"https:\/\/www.amazon.de\/dp\/3864709288\/\" target=\"_blank\" rel=\"noreferrer noopener\"><\/a><a href=\"https:\/\/www.amazon.de\/dp\/3864709288\/\" target=\"_blank\" rel=\"noreferrer noopener\"><\/a><a href=\"https:\/\/www.amazon.de\/dp\/3864709288\/\" target=\"_blank\" rel=\"noreferrer noopener\"><img data-recalc-dims=\"1\" decoding=\"async\" class=\"wp-image-24915\" style=\"width:150px;\" src=\"https:\/\/i0.wp.com\/technophilosoph.com\/wp-content\/uploads\/2023\/08\/Kreative_Intelligenz_2D_300dpi_cmyk-small.jpg?w=720&#038;ssl=1\" alt=\"\"><\/a><\/td><td><a href=\"https:\/\/www.amazon.de\/dp\/3864709288\/\" target=\"_blank\" rel=\"noreferrer noopener\">Kreative Intelligenz: Wie ChatGPT und Co die Welt ver\u00e4ndern werden<\/a><\/td><\/tr><tr><td><a href=\"https:\/\/www.amazon.de\/dp\/386470815X\" target=\"_blank\" rel=\"noreferrer noopener\"><img data-recalc-dims=\"1\" decoding=\"async\" class=\"wp-image-24915\" style=\"width:150px;\" src=\"https:\/\/derletztefuehrerscheinneuling.files.wordpress.com\/2022\/07\/cyberfucked.png?w=720\" alt=\"\"><\/a><\/td><td><a href=\"https:\/\/www.amazon.de\/dp\/386470815X\" target=\"_blank\" rel=\"noreferrer noopener\">CYBERF*CKED: Wie Frauen im Internet beleidigt, bel\u00e4stigt und bedroht werden, und was wir dagegen tun k\u00f6nnen<\/a><\/td><\/tr><tr><td><img data-recalc-dims=\"1\" decoding=\"async\" class=\"wp-image-24471\" style=\"width:150px;\" src=\"https:\/\/derletztefuehrerscheinneuling.files.wordpress.com\/2022\/06\/totschlagargumente.jpg?w=720\" alt=\"\"><\/td><td><a href=\"https:\/\/www.amazon.de\/dp\/3864708133\/\" target=\"_blank\" rel=\"noreferrer noopener\">Totschlagargumente f\u00fcr Anf\u00e4nger: Wie man jede Diskussion im Kein erstickt<\/a><\/td><\/tr><tr><td><a href=\"https:\/\/www.amazon.de\/dp\/3864707714\" target=\"_blank\" rel=\"noreferrer noopener\" aria-label=\"\ufffc (opens in a new tab)\"><img data-recalc-dims=\"1\" decoding=\"async\" class=\"wp-image-8700\" style=\"width:600px;\" src=\"https:\/\/derletztefuehrerscheinneuling.files.wordpress.com\/2021\/11\/future-angst.jpg?w=720\" alt=\"\"><\/a><\/td><td><a href=\"https:\/\/www.amazon.de\/dp\/3864707714\" target=\"_blank\" rel=\"noreferrer noopener\">Future Angst: Wie wir von Innovationsvorreitern zu Innovationsnachz\u00fcglern wurden und wie wir die German Angst \u00fcberwinden<\/a>. <br><br>J&rsquo;ai \u00e9galement mon propre <a href=\"https:\/\/futureangst.com\/en\" target=\"_blank\" rel=\"noreferrer noopener\">blog<\/a> sur ce livre.<\/td><\/tr><tr><td><a href=\"https:\/\/www.amazon.de\/gp\/product\/3864707838\" target=\"_blank\" rel=\"noreferrer noopener\" aria-label=\"\ufffc (opens in a new tab)\"><img data-recalc-dims=\"1\" decoding=\"async\" class=\"wp-image-8700\" style=\"width:600px;\" src=\"https:\/\/derletztefuehrerscheinneuling.files.wordpress.com\/2021\/11\/sorry-not-sorry-2.jpg?w=720\" alt=\"\"><\/a><\/td><td><a href=\"https:\/\/www.amazon.de\/gp\/product\/3864707838\" target=\"_blank\" rel=\"noreferrer noopener\">Sorry not sorry: Die Kunst wie man sich nicht entschuldigt: 48 Kunstgriffe f\u00fcr Minister, Manager und Mistkerle, die Schei\u00dfe gebaut haben und nun die Aufregung nicht verstehen<\/a><\/td><\/tr><tr><td><a aria-label=\"\ufffc (opens in a new tab)\" href=\"https:\/\/www.amazon.de\/Wenn-Affen-von-lernen-Intelligenz\/dp\/3864706491\" target=\"_blank\" rel=\"noreferrer noopener\"><img data-recalc-dims=\"1\" decoding=\"async\" class=\"wp-image-17226\" style=\"width:600px;\" src=\"https:\/\/derletztefuehrerscheinneuling.files.wordpress.com\/2019\/07\/waval.jpg?w=720\" alt=\"\"><\/a><\/td><td><a href=\"https:\/\/www.amazon.de\/Wenn-Affen-von-lernen-Intelligenz\/dp\/3864706491\" target=\"_blank\" rel=\"noreferrer noopener\">Wenn Affen von Affen lernen: Wie K\u00fcnstliche Intelligenz erst richtig zum Menschen macht<\/a>.<\/td><\/tr><tr><td><a href=\"https:\/\/www.amazon.com\/Last-Drivers-License-Holder-Already\/dp\/1260441385\" target=\"_blank\" rel=\"noreferrer noopener\" aria-label=\"\ufffc (opens in a new tab)\"><img data-recalc-dims=\"1\" decoding=\"async\" class=\"wp-image-17228\" style=\"width:600px;\" src=\"https:\/\/derletztefuehrerscheinneuling.files.wordpress.com\/2019\/07\/tldh.png?w=720\" alt=\"\"><\/a><\/td><td><a aria-label=\"he Last Driver's License Holder ... Has Already Been Born (opens in a new tab)\" href=\"https:\/\/www.amazon.com\/Last-Drivers-License-Holder-Already\/dp\/1260441385\" target=\"_blank\" rel=\"noreferrer noopener\">The Last Driver&rsquo;s License Holder &#8230; Has Already Been Born<\/a>.<\/td><\/tr><tr><td><a href=\"https:\/\/www.amazon.de\/Foresight-Mindset-Gesch%C3%A4ftsideen-fr%C3%BChzeitig-bestimmt\/dp\/3800659727\" target=\"_blank\" rel=\"noreferrer noopener\" aria-label=\"\ufffc (opens in a new tab)\"><img data-recalc-dims=\"1\" decoding=\"async\" class=\"wp-image-16712\" style=\"width:600px;\" src=\"https:\/\/derletztefuehrerscheinneuling.files.wordpress.com\/2019\/04\/herger-cover.png?w=720\" alt=\"\"><\/a><\/td><td><a aria-label=\"Foresight Mindset: Die Kunst und Wissenschaft, seine Zukunft zu designen (opens in a new tab)\" href=\"https:\/\/www.amazon.de\/Foresight-MindsetTM-Wissenschaft-Zukunft-designen\/dp\/3800659727\" target=\"_blank\" rel=\"noreferrer noopener\">Foresight Mindset: Die Kunst und Wissenschaft, seine Zukunft zu designen<\/a>.<\/td><\/tr><tr><td><a aria-label=\"\ufffc (opens in a new tab)\" href=\"https:\/\/www.amazon.de\/letzte-F%C3%BChrerscheinneuling-Gesellschaft-Arbeitspl%C3%A4tze-vernichten\/dp\/386470538X\/\" target=\"_blank\" rel=\"noreferrer noopener\"><img data-recalc-dims=\"1\" decoding=\"async\" class=\"wp-image-8700\" style=\"width:600px;\" src=\"https:\/\/derletztefuehrerscheinneuling.files.wordpress.com\/2016\/09\/der-letzte-fucc88hrerschein-neuling_2d_300dpi_rgb_11775.jpg?w=720\" alt=\"\"><\/a><\/td><td><a href=\"http:\/\/www.plassen-buchverlage.de\/buecher\/Der-letzte-Fuehrerscheinneuling.htm\"><strong><em>Der letzte F\u00fchrerscheinneuling&#8230;<\/em><\/strong><\/a> <\/td><\/tr><tr><td><a href=\"https:\/\/www.amazon.de\/dp\/3864703549\" target=\"_blank\" rel=\"noreferrer noopener\" aria-label=\"\ufffc (opens in a new tab)\"><img data-recalc-dims=\"1\" decoding=\"async\" class=\"wp-image-856\" style=\"width:600px;\" src=\"https:\/\/derletztefuehrerscheinneuling.files.wordpress.com\/2016\/09\/cover_small.png?w=720\" alt=\"Das Silicon-Valley-Mindset\"><\/a><a rel=\"noreferrer noopener\" href=\"https:\/\/www.amazon.de\/dp\/3864703549\" target=\"_blank\"><\/a><\/td><td><a href=\"https:\/\/www.amazon.de\/dp\/3864703549\">Das Silicon-Valley-Mindset: Was wir vom Innovationsweltmeister lernen und mit unseren St\u00e4rken verbinden k\u00f6nnen<\/a><\/td><\/tr><\/tbody><\/table><\/figure>\n\n\n\n<h4 class=\"wp-block-heading\">Sites Web<\/h4>\n\n\n\n<p class=\"wp-block-paragraph\">Mes sites web avec les diff\u00e9rents th\u00e8mes :<\/p>\n\n\n<ul>\n<li><a href=\"http:\/\/dassiliconvalleymindset.com\/\">Das Silicon-Valley-Mindset<\/a><\/li>\n<li><a href=\"http:\/\/foresightmindset.com\/\" target=\"_blank\" rel=\"noreferrer noopener\" aria-label=\"Foresight Mindset (opens in a new tab)\">Foresight Mindset<\/a><\/li>\n<li><a href=\"https:\/\/derletztefuehrerscheinneuling.com\/\" target=\"_blank\" rel=\"noreferrer noopener\" aria-label=\"Der letzte F\u00fchrerscheinneuling... (opens in a new tab)\">Der letzte F\u00fchrerscheinneuling&#8230;<\/a><\/li>\n<li><a href=\"https:\/\/thelastdriverlicenseholder.com\/\" target=\"_blank\" rel=\"noreferrer noopener\" aria-label=\"The last driver's liicense holder has already been born (opens in a new tab)\">The last driver&rsquo;s license holder has already been born<\/a><\/li>\n<li><a href=\"http:\/\/enterprisegarage.io\/\" target=\"_blank\" rel=\"noreferrer noopener\" aria-label=\"Enterprise Garage (opens in a new tab)\">Enterprise Garage<\/a><\/li>\n<li><a href=\"http:\/\/globalmelange.com\/\" target=\"_blank\" rel=\"noreferrer noopener\" aria-label=\"global melange (opens in a new tab)\">global melange<\/a><\/li>\n<li><a href=\"https:\/\/futureangst.com\/fr\/\" target=\"_blank\" rel=\"noreferrer noopener\" aria-label=\"Future Angst (opens in a new tab)\">Future Angst<\/a><\/li>\n<\/ul>\n\n\n<h4 class=\"wp-block-heading\">Contact<\/h4>\n\n\n\n<p class=\"wp-block-paragraph\">Je suis joignable sur <a rel=\"noreferrer noopener\" aria-label=\"LinkedIn (\u00f6ffnet in neuem Tab)\" href=\"https:\/\/www.linkedin.com\/in\/marioherger\" target=\"_blank\">LinkedIn<\/a> ou par <a rel=\"noreferrer noopener\" aria-label=\"email (\u00f6ffnet in neuem Tab)\" href=\"mailto:mario.herger@gmail.com\" target=\"_blank\">email<\/a>.<\/p>\n\n\n\n<h4 class=\"wp-block-heading\">Vid\u00e9os &amp; Conf\u00e9rences et ateliers futurs<\/h4>\n\n\n\n<p class=\"wp-block-paragraph\">Voici une <a href=\"https:\/\/dassiliconvalleymindset.com\/vortrage\/\" target=\"_blank\" rel=\"noreferrer noopener\" aria-label=\"liste actuelle (\u00f6ffnet in neuem Tab)\">liste actuelle<\/a> de mes conf\u00e9rences et ateliers \u00e0 venir avec une s\u00e9lection de vid\u00e9os de mes conf\u00e9rences et interviews.<\/p>\n","protected":false},"excerpt":{"rendered":"<p>Depuis 2001, je vis dans la Silicon Valley, cette r\u00e9gion innovante de Californie o\u00f9 l&rsquo;avenir se dessine d\u00e9j\u00e0 aujourd&rsquo;hui. Ici, j&rsquo;\u00e9tudie les tendances technologiques et leur impact sur nous en tant que personnes, sur notre soci\u00e9t\u00e9 et sur la politique. &hellip; <a href=\"https:\/\/futureangst.com\/fr\/auteur\/\" class=\"more-link\">Continuer de lire <span class=\"screen-reader-text\">Auteur<\/span><\/a><\/p>\n","protected":false},"author":8770504,"featured_media":3925,"parent":0,"menu_order":0,"comment_status":"closed","ping_status":"closed","template":"","meta":{"_coblocks_attr":"","_coblocks_dimensions":"","_coblocks_responsive_height":"","_coblocks_accordion_ie_support":"","_crdt_document":"","advanced_seo_description":"","jetpack_seo_html_title":"","jetpack_seo_noindex":false,"footnotes":""},"tags":[],"class_list":["post-85","page","type-page","status-publish","has-post-thumbnail","hentry"],"jetpack_likes_enabled":true,"jetpack_sharing_enabled":true,"jetpack_shortlink":"https:\/\/wp.me\/Pblxuj-1n","amp_enabled":true,"_links":{"self":[{"href":"https:\/\/futureangst.com\/fr\/wp-json\/wp\/v2\/pages\/85","targetHints":{"allow":["GET"]}}],"collection":[{"href":"https:\/\/futureangst.com\/fr\/wp-json\/wp\/v2\/pages"}],"about":[{"href":"https:\/\/futureangst.com\/fr\/wp-json\/wp\/v2\/types\/page"}],"author":[{"embeddable":true,"href":"https:\/\/futureangst.com\/fr\/wp-json\/wp\/v2\/users\/8770504"}],"replies":[{"embeddable":true,"href":"https:\/\/futureangst.com\/fr\/wp-json\/wp\/v2\/comments?post=85"}],"version-history":[{"count":5,"href":"https:\/\/futureangst.com\/fr\/wp-json\/wp\/v2\/pages\/85\/revisions"}],"predecessor-version":[{"id":3921,"href":"https:\/\/futureangst.com\/fr\/wp-json\/wp\/v2\/pages\/85\/revisions\/3921"}],"wp:featuredmedia":[{"embeddable":true,"href":"https:\/\/futureangst.com\/fr\/wp-json\/wp\/v2\/media\/3925"}],"wp:attachment":[{"href":"https:\/\/futureangst.com\/fr\/wp-json\/wp\/v2\/media?parent=85"}],"wp:term":[{"taxonomy":"post_tag","embeddable":true,"href":"https:\/\/futureangst.com\/fr\/wp-json\/wp\/v2\/tags?post=85"}],"curies":[{"name":"wp","href":"https:\/\/api.w.org\/{rel}","templated":true}]}}